{"id":718,"date":"2015-07-29T13:44:44","date_gmt":"2015-07-29T13:44:44","guid":{"rendered":"https:\/\/chandani-spacious-main.sites.qsandbox.com\/?page_id=4"},"modified":"2025-05-04T13:19:05","modified_gmt":"2025-05-04T11:19:05","slug":"home-2","status":"publish","type":"page","link":"https:\/\/monsiteinternet.freeboxos.fr\/","title":{"rendered":"Home"},"content":{"rendered":"\t\t<div data-elementor-type=\"wp-page\" data-elementor-id=\"718\" class=\"elementor elementor-718\">\n\t\t\t\t\t\t<section class=\"elementor-section elementor-top-section elementor-element elementor-element-1405587 elementor-section-boxed elementor-section-height-default elementor-section-height-default\" data-id=\"1405587\" data-element_type=\"section\" data-e-type=\"section\">\n\t\t\t\t\t\t<div class=\"elementor-container elementor-column-gap-default\">\n\t\t\t\t\t<div class=\"elementor-column elementor-col-100 elementor-top-column elementor-element elementor-element-3f15f6d\" data-id=\"3f15f6d\" data-element_type=\"column\" data-e-type=\"column\">\n\t\t\t<div class=\"elementor-widget-wrap elementor-element-populated\">\n\t\t\t\t\t\t<div class=\"elementor-element elementor-element-6ef533b elementor-widget elementor-widget-text-editor\" data-id=\"6ef533b\" data-element_type=\"widget\" data-e-type=\"widget\" data-widget_type=\"text-editor.default\">\n\t\t\t\t<div class=\"elementor-widget-container\">\n\t\t\t\t\t\t\t\t\t<p>Comme vous avez pu le remarquer, le site \u00e9tait inaccessible durant plusieurs jours.<br \/>Ceci \u00e9tait d\u00fb au fait que AAPANEL ne fonctionne pas (pas encore) avec les versions Ubuntu sup\u00e9rieurs \u00e0 la version 22.04 LTS.<br \/>Apr\u00e8s maintes essais avec les versions 22.10, 23.xx, 24.xx et 25.xx, aussi bien en versions ARM que X64, d&rsquo;ailleurs,\u00a0 je suis revenu \u00e0 la version 22.04 sur AAPANEL.<br \/>Par contre l&rsquo;installation LAMP standard (sans passer par AAPANEL) avec UBUNTU 25.04 fonctionne sans probl\u00e8me, mais ne permet pas toutes les simplicit\u00e9s de configurations de AAPANEL.<br \/>Je ferais prochainement la mise \u00e0 jour des pages \u00ab\u00a0Cr\u00e9er sont serveur Web LAMP\u00a0\u00bb et \u00ab\u00a0Cr\u00e9er son serveur avec AAPANEL\u00a0\u00bb en cons\u00e9quence.<br \/>Vous pouvez m&rsquo;\u00e9crire en utilisant le formulaire de contact si vous d\u00e9sirez avoir des informations suppl\u00e9mentaires.<\/p><p>\u00a0\u00a0\u00a0\u00a0\u00a0\u00a0\u00a0\u00a0\u00a0\u00a0\u00a0\u00a0\u00a0\u00a0\u00a0\u00a0\u00a0\u00a0\u00a0\u00a0\u00a0\u00a0\u00a0\u00a0\u00a0\u00a0 &#8212;&#8212;&#8212;&#8212;&#8212;&#8212;&#8212;&#8212;&#8212;&#8212;&#8212;&#8212;&#8212;&#8212;&#8212;&#8212;&#8212;&#8212;&#8212;<\/p>\t\t\t\t\t\t\t\t<\/div>\n\t\t\t\t<\/div>\n\t\t\t\t\t<\/div>\n\t\t<\/div>\n\t\t\t\t\t<\/div>\n\t\t<\/section>\n\t\t\t\t<section class=\"elementor-section elementor-top-section elementor-element elementor-element-5107ec2 elementor-section-boxed elementor-section-height-default elementor-section-height-default\" data-id=\"5107ec2\" data-element_type=\"section\" data-e-type=\"section\">\n\t\t\t\t\t\t<div class=\"elementor-container elementor-column-gap-default\">\n\t\t\t\t\t<div class=\"elementor-column elementor-col-100 elementor-top-column elementor-element elementor-element-22eacf6\" data-id=\"22eacf6\" data-element_type=\"column\" data-e-type=\"column\">\n\t\t\t<div class=\"elementor-widget-wrap elementor-element-populated\">\n\t\t\t\t\t\t<div class=\"elementor-element elementor-element-f21f56e elementor-widget elementor-widget-text-editor\" data-id=\"f21f56e\" data-element_type=\"widget\" data-e-type=\"widget\" data-widget_type=\"text-editor.default\">\n\t\t\t\t<div class=\"elementor-widget-container\">\n\t\t\t\t\t\t\t\t\t<p>Si vous rencontrez des probl\u00e8mes pour la cr\u00e9ation de votre serveur Web, n\u2019h\u00e9sitez pas \u00e0 me contacter \u00e0 mon adresse mail peter2@free.fr ou laissez-moi un message sur le forum ou sur le chat en bas de la page.<\/p><p>Vous pouvez maintenant t\u00e9l\u00e9charger la version Android du site <a href=\"https:\/\/monsiteinternet.freeboxos.fr\/wp-content\/uploads\/2024\/01\/MonSiteInternet_1_1.2.zip\"><span style=\"text-decoration: underline;\"><strong>ICI<\/strong><\/span><\/a> et bien-sur, toujours sans pub. l&rsquo;application Android est zipp\u00e9.<\/p>\t\t\t\t\t\t\t\t<\/div>\n\t\t\t\t<\/div>\n\t\t\t\t\t<\/div>\n\t\t<\/div>\n\t\t\t\t\t<\/div>\n\t\t<\/section>\n\t\t\t\t<section class=\"elementor-section elementor-top-section elementor-element elementor-element-b8cf38a elementor-section-boxed elementor-section-height-default elementor-section-height-default\" data-id=\"b8cf38a\" data-element_type=\"section\" data-e-type=\"section\">\n\t\t\t\t\t\t<div class=\"elementor-container elementor-column-gap-default\">\n\t\t\t\t\t<div class=\"elementor-column elementor-col-100 elementor-top-column elementor-element elementor-element-08fbbb7\" data-id=\"08fbbb7\" data-element_type=\"column\" data-e-type=\"column\">\n\t\t\t<div class=\"elementor-widget-wrap elementor-element-populated\">\n\t\t\t\t\t\t<div class=\"elementor-element elementor-element-a1a9c77 elementor-widget elementor-widget-text-editor\" data-id=\"a1a9c77\" data-element_type=\"widget\" data-e-type=\"widget\" data-widget_type=\"text-editor.default\">\n\t\t\t\t<div class=\"elementor-widget-container\">\n\t\t\t\t\t\t\t\t\t<ul><li>18-12-2024 Suite \u00e0 un crash Linux Important, Le site a \u00e9t\u00e9 restaur\u00e9 \u00e0 la date du 13-09-2024. Les comptes cr\u00e9\u00e9s entre temps ont \u00e9t\u00e9 perdu. Si vous \u00eates dans ce cas, merci de le recr\u00e9er.<\/li><li>12-04-2024 Ajout de la page <a href=\"https:\/\/monsiteinternet.freeboxos.fr\/index.php\/agrandir-une-vm\/\"><strong>Agrandir une VM<\/strong><\/a>\u00a0 dans les menus \u00ab\u00a0<strong>Cr\u00e9er son serveur Web LAMP<\/strong>\u00a0\u00bb et \u00ab\u00a0<strong>Cr\u00e9er son serveur avec AAPANEL<\/strong>\u00a0\u00bb \u00a0<\/li><li>26-02-2024 La Mise \u00e0 jour du serveur UBUNTU V23.04 vers V23.10 a \u00e9t\u00e9 effectu\u00e9e avec succ\u00e9s.<\/li><li>25-02-2024 Mise \u00e0 jour de la documentation concernant la version D&rsquo;UBUNTU sur les pages :<br \/><strong><a href=\"https:\/\/monsiteinternet.freeboxos.fr\/index.php\/equipement\/\">Equipement<\/a> <\/strong>dans \u00ab\u00a0<strong>Cr\u00e9ation d&rsquo;un serveur Web Lamp<\/strong>\u00ab\u00a0<br \/><strong><a href=\"https:\/\/monsiteinternet.freeboxos.fr\/index.php\/aapanel-ubuntu\/\" aria-current=\"page\">INSTALLATION SERVEUR UBUNTU<\/a><\/strong> dans \u00ab\u00a0<strong>Cr\u00e9ation serveur avec AAPANEL<\/strong>\u00ab\u00a0<br \/>Information sur ces pages concernant l&rsquo;<strong>IP full-stack<\/strong> \u00e0 activer.<\/li><li>17-02-2024 Ajout dans \u00ab\u00a0<strong>Les fichiers Batch<\/strong>\u00a0\u00bb de \u00ab\u00a0<strong>Le DOS<\/strong>\u00ab\u00a0<\/li><li>03-02-2024 Modification du menu pour optimisation de l&rsquo;application <strong>Android<\/strong><\/li><li>27-01-2024 Possibilit\u00e9 de t\u00e9l\u00e9charger l&rsquo;application Android du site.<\/li><li>25-01-2024 Suppression de quelques erreurs sur \u00ab\u00a0<strong>Serveur Apache<\/strong>\u00a0\u00bb de \u00ab\u00a0<strong>Cr\u00e9ation de serveur Web LAMP<\/strong>\u00ab\u00a0.<\/li><li>24-01-2024 Mise \u00e0 jour de la documentation \u00ab\u00a0<strong>Acc\u00e8s SSL<\/strong>\u00a0\u00bb de \u00ab\u00a0<strong>Cr\u00e9ation de serveur Web LAMP<\/strong>\u00ab\u00a0.<\/li><li>22-01-2024 Ajout d&rsquo;un Formulaire de contact dans le sous-menu \u00ab\u00a0<strong>A propos<\/strong>\u00a0\u00bb et sur la barre de droite.<\/li><li>18-01-2024 Mise \u00e0 jour de la documentation. \u00ab\u00a0<strong>Redirection des Ports<\/strong>\u00a0\u00bb de \u00ab\u00a0<strong>Cr\u00e9ation de serveur Web LAMP<\/strong>\u00ab\u00a0<\/li><li>16-01-2024 Possibilit\u00e9 de t\u00e9l\u00e9charger une application Android du site. voir au dessus.<\/li><li>17-01-2024 Mise \u00e0 jour de la documentation. Une erreur c&rsquo;\u00e9tait gliss\u00e9e sur la page \u00ab\u00a0<strong>DOMAINES FREE<\/strong>\u00a0\u00bb de \u00ab\u00a0<strong>Cr\u00e9ation de serveur Web LAMP<\/strong>\u00ab\u00a0.<\/li><li>16-01-2024 Mise \u00e0 jour de la documentation AAPANEL.<\/li><li>13-01-2024 Mise \u00e0 jour de la documentation AAPANEL.<\/li><li>09-01-2024: R\u00e9paration du syst\u00e8me d&rsquo;envoi de mail pour la demande de cr\u00e9ation de compte et de changement de mot de passe.<\/li><li>08-11-2023: Ajout de la documentation pour l&rsquo;installation AAPANEL.<\/li><li>16-10-2023: Migration sous AAPANEL effectu\u00e9.<\/li><li>02-10-2023: Mise en place du <a href=\"https:\/\/www.internet-et-forum.go.yo.fr\/wp2\/\" target=\"_blank\" rel=\"noopener\"><strong>site miroir<\/strong><\/a> , lire plus bas.<\/li><li>30-10-2023: Ajout d&rsquo;un Chat directe sur la barre de droite.<\/li><li>27-02-2023: Modification du syst\u00e8me de connexion Login\/Logout.<\/li><li>27-02-2023: Ajout de la page \u00ab\u00a0<strong>Les fichiers BATCH<\/strong>\u00ab\u00a0<\/li><li>27-02-2023: Mise \u00e0 jour de la documentation \u00ab\u00a0<strong>Acc\u00e8s SSL<\/strong>\u00a0\u00bb de \u00ab\u00a0<strong>Cr\u00e9ation de serveur Web LAMP<\/strong>\u00ab\u00a0.<\/li><\/ul>\t\t\t\t\t\t\t\t<\/div>\n\t\t\t\t<\/div>\n\t\t\t\t\t<\/div>\n\t\t<\/div>\n\t\t\t\t\t<\/div>\n\t\t<\/section>\n\t\t\t\t<section class=\"elementor-section elementor-top-section elementor-element elementor-element-76abd46 elementor-section-boxed elementor-section-height-default elementor-section-height-default\" data-id=\"76abd46\" data-element_type=\"section\" data-e-type=\"section\">\n\t\t\t\t\t\t<div class=\"elementor-container elementor-column-gap-default\">\n\t\t\t\t\t<div class=\"elementor-column elementor-col-100 elementor-top-column elementor-element elementor-element-eb90b18\" data-id=\"eb90b18\" data-element_type=\"column\" data-e-type=\"column\">\n\t\t\t<div class=\"elementor-widget-wrap elementor-element-populated\">\n\t\t\t\t\t\t<div class=\"elementor-element elementor-element-038fd46 elementor-widget elementor-widget-text-editor\" data-id=\"038fd46\" data-element_type=\"widget\" data-e-type=\"widget\" data-widget_type=\"text-editor.default\">\n\t\t\t\t<div class=\"elementor-widget-container\">\n\t\t\t\t\t\t\t\t\t<p>Le site a bien \u00e9t\u00e9 migr\u00e9 ce Lundi 16-10-2023 \u00e016h40 sous AAPANEL, Le serveur est de nouveau accessible..<\/p>\n<p>Le <span style=\"text-decoration: underline;\"><strong><a href=\"https:\/\/www.internet-et-forum.go.yo.fr\/wp2\/\" target=\"_blank\" rel=\"noopener\">site miroir<\/a><\/strong><\/span> , restera actif, mais aucune modification n&rsquo;y sera apport\u00e9.<\/p>\t\t\t\t\t\t\t\t<\/div>\n\t\t\t\t<\/div>\n\t\t\t\t\t<\/div>\n\t\t<\/div>\n\t\t\t\t\t<\/div>\n\t\t<\/section>\n\t\t\t\t<section class=\"elementor-section elementor-top-section elementor-element elementor-element-5330000 elementor-section-boxed elementor-section-height-default elementor-section-height-default\" data-id=\"5330000\" data-element_type=\"section\" data-e-type=\"section\">\n\t\t\t\t\t\t<div class=\"elementor-container elementor-column-gap-default\">\n\t\t\t\t\t<div class=\"elementor-column elementor-col-100 elementor-top-column elementor-element elementor-element-19165a4\" data-id=\"19165a4\" data-element_type=\"column\" data-e-type=\"column\">\n\t\t\t<div class=\"elementor-widget-wrap elementor-element-populated\">\n\t\t\t\t\t\t<div class=\"elementor-element elementor-element-cf7b058 elementor-widget elementor-widget-shortcode\" data-id=\"cf7b058\" data-element_type=\"widget\" data-e-type=\"widget\" data-widget_type=\"shortcode.default\">\n\t\t\t\t<div class=\"elementor-widget-container\">\n\t\t\t\t\t\t\t<div class=\"elementor-shortcode\">[sac_happens]<\/div>\n\t\t\t\t\t\t<\/div>\n\t\t\t\t<\/div>\n\t\t\t\t\t<\/div>\n\t\t<\/div>\n\t\t\t\t\t<\/div>\n\t\t<\/section>\n\t\t\t\t<\/div>\n\t\t","protected":false},"excerpt":{"rendered":"<p>Comme vous avez pu le remarquer, le site \u00e9tait inaccessible durant plusieurs jours.Ceci \u00e9tait d\u00fb au fait que AAPANEL ne fonctionne pas (pas encore) avec les versions Ubuntu sup\u00e9rieurs \u00e0 la version 22.04 LTS.Apr\u00e8s maintes essais avec les versions 22.10, 23.xx, 24.xx et 25.xx, aussi bien en versions ARM que X64, d&rsquo;ailleurs,\u00a0 je suis revenu \u00e0 la version 22.04 sur AAPANEL.Par contre l&rsquo;installation LAMP standard (sans passer par AAPANEL) avec UBUNTU 25.04 fonctionne sans probl\u00e8me, mais ne permet pas toutes&#8230;<\/p>\n<p class=\"read-more\"><a class=\"btn btn-default\" href=\"https:\/\/monsiteinternet.freeboxos.fr\/\">Lire la suite<span class=\"screen-reader-text\"> Lire la suite<\/span><\/a><\/p>\n","protected":false},"author":1,"featured_media":0,"parent":0,"menu_order":0,"comment_status":"closed","ping_status":"open","template":"","meta":{"footnotes":""},"wf_page_folders":[36],"class_list":["post-718","page","type-page","status-publish","hentry"],"aioseo_notices":[],"_links":{"self":[{"href":"https:\/\/monsiteinternet.freeboxos.fr\/index.php\/wp-json\/wp\/v2\/pages\/718","targetHints":{"allow":["GET"]}}],"collection":[{"href":"https:\/\/monsiteinternet.freeboxos.fr\/index.php\/wp-json\/wp\/v2\/pages"}],"about":[{"href":"https:\/\/monsiteinternet.freeboxos.fr\/index.php\/wp-json\/wp\/v2\/types\/page"}],"author":[{"embeddable":true,"href":"https:\/\/monsiteinternet.freeboxos.fr\/index.php\/wp-json\/wp\/v2\/users\/1"}],"replies":[{"embeddable":true,"href":"https:\/\/monsiteinternet.freeboxos.fr\/index.php\/wp-json\/wp\/v2\/comments?post=718"}],"version-history":[{"count":146,"href":"https:\/\/monsiteinternet.freeboxos.fr\/index.php\/wp-json\/wp\/v2\/pages\/718\/revisions"}],"predecessor-version":[{"id":2124,"href":"https:\/\/monsiteinternet.freeboxos.fr\/index.php\/wp-json\/wp\/v2\/pages\/718\/revisions\/2124"}],"wp:attachment":[{"href":"https:\/\/monsiteinternet.freeboxos.fr\/index.php\/wp-json\/wp\/v2\/media?parent=718"}],"wp:term":[{"taxonomy":"wf_page_folders","embeddable":true,"href":"https:\/\/monsiteinternet.freeboxos.fr\/index.php\/wp-json\/wp\/v2\/wf_page_folders?post=718"}],"curies":[{"name":"wp","href":"https:\/\/api.w.org\/{rel}","templated":true}]}}