{"id":952,"date":"2023-02-06T13:05:01","date_gmt":"2023-02-06T12:05:01","guid":{"rendered":"http:\/\/monsiteinternet.freeboxos.fr\/?page_id=952"},"modified":"2025-05-05T19:03:27","modified_gmt":"2025-05-05T17:03:27","slug":"equipement","status":"publish","type":"page","link":"https:\/\/monsiteinternet.freeboxos.fr\/index.php\/equipement\/","title":{"rendered":"Equipement"},"content":{"rendered":"\t\t<div data-elementor-type=\"wp-page\" data-elementor-id=\"952\" class=\"elementor elementor-952\">\n\t\t\t\t\t\t<section class=\"elementor-section elementor-top-section elementor-element elementor-element-7e89d5c0 elementor-section-boxed elementor-section-height-default elementor-section-height-default\" data-id=\"7e89d5c0\" data-element_type=\"section\" data-e-type=\"section\">\n\t\t\t\t\t\t<div class=\"elementor-container elementor-column-gap-default\">\n\t\t\t\t\t<div class=\"elementor-column elementor-col-100 elementor-top-column elementor-element elementor-element-57798d79\" data-id=\"57798d79\" data-element_type=\"column\" data-e-type=\"column\">\n\t\t\t<div class=\"elementor-widget-wrap elementor-element-populated\">\n\t\t\t\t\t\t<div class=\"elementor-element elementor-element-2df0694c elementor-widget elementor-widget-text-editor\" data-id=\"2df0694c\" data-element_type=\"widget\" data-e-type=\"widget\" data-widget_type=\"text-editor.default\">\n\t\t\t\t<div class=\"elementor-widget-container\">\n\t\t\t\t\t\t\t\t\t\n<p>Tout d\u2019abord, il va falloir changer la m\u00e9moire interne de la FREEBOX, car elle ne poss\u00e8de qu\u2019une barrette de 2 Go ce qui n\u2019est pas beaucoup.<\/p>\n\n<p>Ensuite, y ajouter un disque Dur, si ce n\u2019est pas d\u00e9j\u00e0 fait.<\/p>\n\n<p>L\u2019acc\u00e8s aux espaces de disques ce fait en enlevant la trappe au-dessous, oui, on peut y mettre jusqu\u2019\u00e0 4 disques 2.5 pouces\u00a0; l\u2019acc\u00e8s \u00e0 la m\u00e9moire se fait en soulevant le support des disques.<\/p>\n\n<ol class=\"wp-block-list\" type=\"1\">\n<li>1 FREEBOX DELTA (Bien s\u00fbr)<\/li>\n\n<li>1 barrette m\u00e9moire 8 ou16 Giga de RAM pour upgrade de m\u00e9moire de la DELTA (2 Giga par d\u00e9faut).\u00a0 16G c\u2019est mieux.<br \/>J\u2019ai choisi une Corsaire Vengeance SODIMM 16G DDR4 2400MHz. Prendre une vitesse sup\u00e9rieure est risqu\u00e9 et non recommand\u00e9 pour un fonctionnement sans probl\u00e8me de la FREEBOX.<\/li>\n\n<li>Un disque dur (\u00e0 mettre dans la DELTA).<br \/>Pour ma part, j\u2019ai mis un SSD 2Tera 1<sup>er<\/sup> prix<\/li>\n\n<li>La FREEBOX DELTA ayant un processeur ARM64, il faut r\u00e9cup\u00e9rer un ISO UBUNTU serveur.<br \/>Vous pouvez utiliser la version :<br \/><strong><a href=\"https:\/\/cdimage.ubuntu.com\/releases\/plucky\/release\/ubuntu-25.04-desktop-arm64.iso\">UBUNTU 25.04 ARM64<\/a><\/strong> (qui sera non fonctionnelle pour AAPANEL).<\/li>\n<li>Mais avant de continuer, Il faut demand\u00e9 le full IP Chez FREE. <br \/>Free partage une adresse IP pour 2 utilisateurs : ports 1 \u00e0 16383 et 16384 \u00e0 32767. <br \/>Il faut donc demander le <strong>FULL-STACK<\/strong>, donc avec les ports accessibles de 1 \u00e0 32767.<br \/>Pour cela, se connecter sur <strong><a href=\"http:\/\/www.free.fr\" target=\"_blank\" rel=\"noopener\">www.free.fr<\/a><\/strong> <br \/>Puis \u00ab\u00a0<strong>Ma freebox<\/strong>\u00ab\u00a0<br \/>Puis \u00ab\u00a0<strong>Caract\u00e9ristique avanc\u00e9e<\/strong>\u00a0\u00bb <br \/>Puis \u00ab\u00a0<strong>Demander une IP full-stack<\/strong>\u00a0\u00bb <br \/>Un fois l&rsquo;IP full-stack obtenue, vous pouvez continuer.<\/li>\n<\/ol>\n\n<p>\u00a0Apr\u00e8s avoir chang\u00e9 la m\u00e9moire et install\u00e9 le disque ; qu\u2019il faut, bien s\u00fbr, formater en se connectant \u00e0 FREEBOXOS.<\/p>\n\n<p>\u00a0Puis il faut cr\u00e9er 2 dossiers : 1 pour l\u2019acc\u00e8s aux VMs, l\u2019autre pour y mettre les fichiers que l\u2019on voudra transf\u00e9rer dans la VM de UBUNTU (il est pr\u00e9f\u00e9rable d&rsquo;utiliser 2 dossiers diff\u00e9rents).<\/p>\n\n<div class=\"wp-block-buttons is-layout-flex wp-block-buttons-is-layout-flex\">\n<div class=\"wp-block-button\"><a class=\"wp-block-button__link wp-element-button\" href=\"https:\/\/monsiteinternet.freeboxos.fr\/index.php\/preparation\/\">Aller \u00e0 la suite<\/a><\/div>\n<\/div>\n\t\t\t\t\t\t\t\t<\/div>\n\t\t\t\t<\/div>\n\t\t\t\t\t<\/div>\n\t\t<\/div>\n\t\t\t\t\t<\/div>\n\t\t<\/section>\n\t\t\t\t<\/div>\n\t\t","protected":false},"excerpt":{"rendered":"<p>Tout d\u2019abord, il va falloir changer la m\u00e9moire interne de la FREEBOX, car elle ne poss\u00e8de qu\u2019une barrette de 2 Go ce qui n\u2019est pas beaucoup. Ensuite, y ajouter un disque Dur, si ce n\u2019est pas d\u00e9j\u00e0 fait. L\u2019acc\u00e8s aux espaces de disques ce fait en enlevant la trappe au-dessous, oui, on peut y mettre jusqu\u2019\u00e0 4 disques 2.5 pouces\u00a0; l\u2019acc\u00e8s \u00e0 la m\u00e9moire se fait en soulevant le support des disques. \u00a0Apr\u00e8s avoir chang\u00e9 la m\u00e9moire et install\u00e9 le&#8230;<\/p>\n<p class=\"read-more\"><a class=\"btn btn-default\" href=\"https:\/\/monsiteinternet.freeboxos.fr\/index.php\/equipement\/\">Lire la suite<span class=\"screen-reader-text\"> Lire la suite<\/span><\/a><\/p>\n","protected":false},"author":1,"featured_media":0,"parent":0,"menu_order":0,"comment_status":"closed","ping_status":"closed","template":"","meta":{"footnotes":""},"wf_page_folders":[33],"class_list":["post-952","page","type-page","status-publish","hentry"],"aioseo_notices":[],"_links":{"self":[{"href":"https:\/\/monsiteinternet.freeboxos.fr\/index.php\/wp-json\/wp\/v2\/pages\/952","targetHints":{"allow":["GET"]}}],"collection":[{"href":"https:\/\/monsiteinternet.freeboxos.fr\/index.php\/wp-json\/wp\/v2\/pages"}],"about":[{"href":"https:\/\/monsiteinternet.freeboxos.fr\/index.php\/wp-json\/wp\/v2\/types\/page"}],"author":[{"embeddable":true,"href":"https:\/\/monsiteinternet.freeboxos.fr\/index.php\/wp-json\/wp\/v2\/users\/1"}],"replies":[{"embeddable":true,"href":"https:\/\/monsiteinternet.freeboxos.fr\/index.php\/wp-json\/wp\/v2\/comments?post=952"}],"version-history":[{"count":21,"href":"https:\/\/monsiteinternet.freeboxos.fr\/index.php\/wp-json\/wp\/v2\/pages\/952\/revisions"}],"predecessor-version":[{"id":2161,"href":"https:\/\/monsiteinternet.freeboxos.fr\/index.php\/wp-json\/wp\/v2\/pages\/952\/revisions\/2161"}],"wp:attachment":[{"href":"https:\/\/monsiteinternet.freeboxos.fr\/index.php\/wp-json\/wp\/v2\/media?parent=952"}],"wp:term":[{"taxonomy":"wf_page_folders","embeddable":true,"href":"https:\/\/monsiteinternet.freeboxos.fr\/index.php\/wp-json\/wp\/v2\/wf_page_folders?post=952"}],"curies":[{"name":"wp","href":"https:\/\/api.w.org\/{rel}","templated":true}]}}