{"id":954,"date":"2023-02-06T13:07:52","date_gmt":"2023-02-06T12:07:52","guid":{"rendered":"http:\/\/monsiteinternet.freeboxos.fr\/?page_id=954"},"modified":"2023-03-06T19:21:35","modified_gmt":"2023-03-06T18:21:35","slug":"preparation","status":"publish","type":"page","link":"https:\/\/monsiteinternet.freeboxos.fr\/index.php\/preparation\/","title":{"rendered":"Pr\u00e9paration"},"content":{"rendered":"\t\t<div data-elementor-type=\"wp-page\" data-elementor-id=\"954\" class=\"elementor elementor-954\">\n\t\t\t\t\t\t<section class=\"elementor-section elementor-top-section elementor-element elementor-element-b058c8e elementor-section-boxed elementor-section-height-default elementor-section-height-default\" data-id=\"b058c8e\" data-element_type=\"section\" data-e-type=\"section\">\n\t\t\t\t\t\t<div class=\"elementor-container elementor-column-gap-default\">\n\t\t\t\t\t<div class=\"elementor-column elementor-col-100 elementor-top-column elementor-element elementor-element-6718b9d3\" data-id=\"6718b9d3\" data-element_type=\"column\" data-e-type=\"column\">\n\t\t\t<div class=\"elementor-widget-wrap elementor-element-populated\">\n\t\t\t\t\t\t<div class=\"elementor-element elementor-element-5e8cd2dd elementor-widget elementor-widget-text-editor\" data-id=\"5e8cd2dd\" data-element_type=\"widget\" data-e-type=\"widget\" data-widget_type=\"text-editor.default\">\n\t\t\t\t<div class=\"elementor-widget-container\">\n\t\t\t\t\t\t\t\t\t\n<p>Comme indiqu\u00e9, il faut cr\u00e9er 2 dossiers&nbsp;: 1 pour l\u2019acc\u00e8s aux VMs, l\u2019autre pour y mettre les fichiers que l\u2019on voudra transf\u00e9rer dans la VM de UBUNTU.<\/p>\n\n\n\n<figure class=\"wp-block-image size-full\"><img fetchpriority=\"high\" decoding=\"async\" width=\"521\" height=\"239\" src=\"https:\/\/monsiteinternet.freeboxos.fr\/wp-content\/uploads\/2023\/02\/image.png\" alt=\"\" class=\"wp-image-961\" srcset=\"https:\/\/monsiteinternet.freeboxos.fr\/wp-content\/uploads\/2023\/02\/image.png 521w, https:\/\/monsiteinternet.freeboxos.fr\/wp-content\/uploads\/2023\/02\/image-300x138.png 300w\" sizes=\"(max-width: 521px) 100vw, 521px\" \/><\/figure>\n\n\n\n<p>Le 1<sup>er<\/sup> dossiers aura pour nom <strong>VMs<\/strong> obligatoirement,<\/p>\n\n\n\n<p>Pour le 2eme dossier, j\u2019ai choisi <strong>_Transfert<\/strong>, mais, vous pouvez cr\u00e9er le nom de dossier que vous voulez.<\/p>\n\n\n\n<p>Connectez-vous \u00e0 votre <strong>FREEBOX<\/strong> en y tapant sont <strong>adresse IP<\/strong> dans le navigateur internet de votre choix.<\/p>\n\n\n\n<p>Pour connaitre son <strong>IP<\/strong>, ouvrir une fen\u00eatre DOS et taper <strong><em>ipconfig<\/em><\/strong> puis <strong>Entr\u00e9e<\/strong><\/p>\n\n\n\n<p>L\u2019<strong>adresse IP<\/strong> de la box \u00e9tant la <strong>passerelle par d\u00e9faut<\/strong>.<\/p>\n\n\n\n<figure class=\"wp-block-image size-full\"><img decoding=\"async\" width=\"641\" height=\"195\" src=\"https:\/\/monsiteinternet.freeboxos.fr\/wp-content\/uploads\/2023\/02\/image-1.png\" alt=\"\" class=\"wp-image-962\" srcset=\"https:\/\/monsiteinternet.freeboxos.fr\/wp-content\/uploads\/2023\/02\/image-1.png 641w, https:\/\/monsiteinternet.freeboxos.fr\/wp-content\/uploads\/2023\/02\/image-1-300x91.png 300w, https:\/\/monsiteinternet.freeboxos.fr\/wp-content\/uploads\/2023\/02\/image-1-604x184.png 604w\" sizes=\"(max-width: 641px) 100vw, 641px\" \/><\/figure>\n\n\n\n<p>Ou, plus simplement, en tapant dans le navigateur internet <a href=\"http:\/\/mafreebox.freebox.fr\/\" target=\"_blank\" rel=\"noreferrer noopener\">mafreebox.freebox.fr.<\/a><\/p>\n\n\n\n<p>A la premi\u00e8re connexion, il vous sera demand\u00e9 la cr\u00e9ation d\u2019un mot de passe&nbsp;: Voir <a href=\"https:\/\/assistance.free.fr\/articles\/328\"><strong>ICI<\/strong><\/a><strong><\/strong><\/p>\n\n\n\n<figure class=\"wp-block-image size-full\"><img decoding=\"async\" width=\"698\" height=\"400\" src=\"https:\/\/monsiteinternet.freeboxos.fr\/wp-content\/uploads\/2023\/02\/image-2.png\" alt=\"\" class=\"wp-image-963\" srcset=\"https:\/\/monsiteinternet.freeboxos.fr\/wp-content\/uploads\/2023\/02\/image-2.png 698w, https:\/\/monsiteinternet.freeboxos.fr\/wp-content\/uploads\/2023\/02\/image-2-300x172.png 300w, https:\/\/monsiteinternet.freeboxos.fr\/wp-content\/uploads\/2023\/02\/image-2-471x270.png 471w\" sizes=\"(max-width: 698px) 100vw, 698px\" \/><\/figure>\n\n\n\n<p>Une fois connect\u00e9&nbsp;:<\/p>\n\n\n\n<p>Ouvrez <strong>VMs<\/strong> puis <strong>Ajoutez une Vm<\/strong><\/p>\n\n\n\n<p>Le cadre ci-dessous apparait, remplissez \u00e0 votre convenance<\/p>\n\n\n\n<figure class=\"wp-block-image size-full\"><img loading=\"lazy\" decoding=\"async\" width=\"492\" height=\"362\" src=\"https:\/\/monsiteinternet.freeboxos.fr\/wp-content\/uploads\/2023\/02\/image-3.png\" alt=\"\" class=\"wp-image-964\" srcset=\"https:\/\/monsiteinternet.freeboxos.fr\/wp-content\/uploads\/2023\/02\/image-3.png 492w, https:\/\/monsiteinternet.freeboxos.fr\/wp-content\/uploads\/2023\/02\/image-3-300x221.png 300w, https:\/\/monsiteinternet.freeboxos.fr\/wp-content\/uploads\/2023\/02\/image-3-367x270.png 367w\" sizes=\"(max-width: 492px) 100vw, 492px\" \/><\/figure>\n\n\n\n<p>Puis <strong>Suivant<\/strong><\/p>\n\n\n\n<figure class=\"wp-block-image size-full\"><img loading=\"lazy\" decoding=\"async\" width=\"698\" height=\"388\" src=\"https:\/\/monsiteinternet.freeboxos.fr\/wp-content\/uploads\/2023\/02\/image-4.png\" alt=\"\" class=\"wp-image-965\" srcset=\"https:\/\/monsiteinternet.freeboxos.fr\/wp-content\/uploads\/2023\/02\/image-4.png 698w, https:\/\/monsiteinternet.freeboxos.fr\/wp-content\/uploads\/2023\/02\/image-4-300x167.png 300w, https:\/\/monsiteinternet.freeboxos.fr\/wp-content\/uploads\/2023\/02\/image-4-486x270.png 486w\" sizes=\"(max-width: 698px) 100vw, 698px\" \/><\/figure>\n\n\n\n<p>Allez chercher l\u2019ISO Ubuntu \u00e0 l\u2019endroit o\u00f9 vous l\u2019avez t\u00e9l\u00e9charg\u00e9e et mis sur le disque de la BOX.<\/p>\n\n\n\n<p>Puis mettre les infos tel-quel puis <strong>Terminer<\/strong><\/p>\n\n\n\n<figure class=\"wp-block-image size-full\"><img loading=\"lazy\" decoding=\"async\" width=\"493\" height=\"364\" src=\"https:\/\/monsiteinternet.freeboxos.fr\/wp-content\/uploads\/2023\/02\/image-5.png\" alt=\"\" class=\"wp-image-966\" srcset=\"https:\/\/monsiteinternet.freeboxos.fr\/wp-content\/uploads\/2023\/02\/image-5.png 493w, https:\/\/monsiteinternet.freeboxos.fr\/wp-content\/uploads\/2023\/02\/image-5-300x222.png 300w, https:\/\/monsiteinternet.freeboxos.fr\/wp-content\/uploads\/2023\/02\/image-5-366x270.png 366w\" sizes=\"(max-width: 493px) 100vw, 493px\" \/><\/figure>\n\n\n\n<p>Sur le cadre VMs, dans la partie droite, Cliquer sur <strong>Ecran Virtuel<\/strong>, cliquez sur <strong>Appliquer<\/strong> en bas<\/p>\n\n\n\n<p>Puis cliquez sur <strong>Allumer <\/strong>et sur<strong> Console.<\/strong><\/p>\n\n\n\n<p><\/p>\n\n\n\n<div class=\"wp-block-buttons is-layout-flex wp-block-buttons-is-layout-flex\">\n<div class=\"wp-block-button\"><a class=\"wp-block-button__link wp-element-button\" href=\"https:\/\/monsiteinternet.freeboxos.fr\/index.php\/creation-vm\/\">Aller \u00e0 la suite<\/a><\/div>\n<\/div>\n\n\n\n<p><\/p>\n\n\n\n<p><\/p>\n\n\n\n<p><\/p>\n\n\n\n<p><\/p>\n\n\n\n<p><\/p>\n\n\n\n<p><\/p>\n\n\n\n<p><\/p>\n\t\t\t\t\t\t\t\t<\/div>\n\t\t\t\t<\/div>\n\t\t\t\t\t<\/div>\n\t\t<\/div>\n\t\t\t\t\t<\/div>\n\t\t<\/section>\n\t\t\t\t<\/div>\n\t\t","protected":false},"excerpt":{"rendered":"<p>Comme indiqu\u00e9, il faut cr\u00e9er 2 dossiers&nbsp;: 1 pour l\u2019acc\u00e8s aux VMs, l\u2019autre pour y mettre les fichiers que l\u2019on voudra transf\u00e9rer dans la VM de UBUNTU. Le 1er dossiers aura pour nom VMs obligatoirement, Pour le 2eme dossier, j\u2019ai choisi _Transfert, mais, vous pouvez cr\u00e9er le nom de dossier que vous voulez. Connectez-vous \u00e0 votre FREEBOX en y tapant sont adresse IP dans le navigateur internet de votre choix. Pour connaitre son IP, ouvrir une fen\u00eatre DOS et taper&#8230;<\/p>\n<p class=\"read-more\"><a class=\"btn btn-default\" href=\"https:\/\/monsiteinternet.freeboxos.fr\/index.php\/preparation\/\">Lire la suite<span class=\"screen-reader-text\"> Lire la suite<\/span><\/a><\/p>\n","protected":false},"author":1,"featured_media":0,"parent":0,"menu_order":0,"comment_status":"closed","ping_status":"closed","template":"","meta":{"footnotes":""},"wf_page_folders":[33],"class_list":["post-954","page","type-page","status-publish","hentry"],"aioseo_notices":[],"_links":{"self":[{"href":"https:\/\/monsiteinternet.freeboxos.fr\/index.php\/wp-json\/wp\/v2\/pages\/954","targetHints":{"allow":["GET"]}}],"collection":[{"href":"https:\/\/monsiteinternet.freeboxos.fr\/index.php\/wp-json\/wp\/v2\/pages"}],"about":[{"href":"https:\/\/monsiteinternet.freeboxos.fr\/index.php\/wp-json\/wp\/v2\/types\/page"}],"author":[{"embeddable":true,"href":"https:\/\/monsiteinternet.freeboxos.fr\/index.php\/wp-json\/wp\/v2\/users\/1"}],"replies":[{"embeddable":true,"href":"https:\/\/monsiteinternet.freeboxos.fr\/index.php\/wp-json\/wp\/v2\/comments?post=954"}],"version-history":[{"count":8,"href":"https:\/\/monsiteinternet.freeboxos.fr\/index.php\/wp-json\/wp\/v2\/pages\/954\/revisions"}],"predecessor-version":[{"id":1360,"href":"https:\/\/monsiteinternet.freeboxos.fr\/index.php\/wp-json\/wp\/v2\/pages\/954\/revisions\/1360"}],"wp:attachment":[{"href":"https:\/\/monsiteinternet.freeboxos.fr\/index.php\/wp-json\/wp\/v2\/media?parent=954"}],"wp:term":[{"taxonomy":"wf_page_folders","embeddable":true,"href":"https:\/\/monsiteinternet.freeboxos.fr\/index.php\/wp-json\/wp\/v2\/wf_page_folders?post=954"}],"curies":[{"name":"wp","href":"https:\/\/api.w.org\/{rel}","templated":true}]}}